{"id":24,"date":"2015-12-18T15:02:38","date_gmt":"2015-12-18T15:02:38","guid":{"rendered":"http:\/\/192.168.2.249\/t\/piedrablanca\/?page_id=24"},"modified":"2015-12-26T20:39:31","modified_gmt":"2015-12-26T20:39:31","slug":"servicios","status":"publish","type":"page","link":"http:\/\/cabanaspiedrablanca.cl\/web\/?page_id=24","title":{"rendered":"Servicios"},"content":{"rendered":"<p>Ubicadas en el sector de Nerc\u00f3n, Panamericana 5 Sur a 4 kil\u00f3metros de el centro de Castro hacia el sur.<\/p>\n<p>Disfrute de la tranquilidad.<\/p>\n<p>&#8211; Caba\u00f1as totalmente equipadas<br \/>\n&#8211; Cocina americana con dos y tres dormitorios<br \/>\n&#8211; Capacidad seg\u00fan la caba\u00f1a desde dos a siete personas<br \/>\n&#8211; Estacionamientos independientes<br \/>\n&#8211; Tv Cable y Wifi<\/p>\n<p>Todas las caba\u00f1as tienen vistas panor\u00e1mica con acceso directo al mar.<\/p>\n<p>Areas verdes (grandes espacios)<\/p>\n<p>Juegos recreativos<\/p>\n<p>Atendidas por sus propios due\u00f1os<\/p>\n","protected":false},"excerpt":{"rendered":"<p>Ubicadas en el sector de Nerc\u00f3n, Panamericana 5 Sur a 4 kil\u00f3metros de el centro de Castro hacia el sur. Disfrute de la tranquilidad. &#8211; Caba\u00f1as totalmente equipadas &#8211; Cocina americana con dos y tres dormitorios &#8211; Capacidad seg\u00fan la<\/p>\n","protected":false},"author":1,"featured_media":0,"parent":0,"menu_order":0,"comment_status":"closed","ping_status":"closed","template":"","meta":[],"yoast_head":"<!-- This site is optimized with the Yoast SEO plugin v15.5 - https:\/\/yoast.com\/wordpress\/plugins\/seo\/ -->\n<title>Servicios - Caba\u00f1as Piedra Blanca<\/title>\n<meta name=\"robots\" content=\"index, follow, max-snippet:-1, max-image-preview:large, max-video-preview:-1\" \/>\n<link rel=\"canonical\" href=\"http:\/\/cabanaspiedrablanca.cl\/web\/?page_id=24\" \/>\n<meta property=\"og:locale\" content=\"es_ES\" \/>\n<meta property=\"og:type\" content=\"article\" \/>\n<meta property=\"og:title\" content=\"Servicios - Caba\u00f1as Piedra Blanca\" \/>\n<meta property=\"og:description\" content=\"Ubicadas en el sector de Nerc\u00f3n, Panamericana 5 Sur a 4 kil\u00f3metros de el centro de Castro hacia el sur. Disfrute de la tranquilidad. &#8211; Caba\u00f1as totalmente equipadas &#8211; Cocina americana con dos y tres dormitorios &#8211; Capacidad seg\u00fan la\" \/>\n<meta property=\"og:url\" content=\"http:\/\/cabanaspiedrablanca.cl\/web\/?page_id=24\" \/>\n<meta property=\"og:site_name\" content=\"Caba\u00f1as Piedra Blanca\" \/>\n<meta property=\"article:modified_time\" content=\"2015-12-26T20:39:31+00:00\" \/>\n<meta name=\"twitter:card\" content=\"summary\" \/>\n<meta name=\"twitter:label1\" content=\"Tiempo de lectura\">\n\t<meta name=\"twitter:data1\" content=\"0 minutos\">\n<script type=\"application\/ld+json\" class=\"yoast-schema-graph\">{\"@context\":\"https:\/\/schema.org\",\"@graph\":[{\"@type\":\"WebSite\",\"@id\":\"http:\/\/cabanaspiedrablanca.cl\/web\/#website\",\"url\":\"http:\/\/cabanaspiedrablanca.cl\/web\/\",\"name\":\"Caba\\u00f1as Piedra Blanca\",\"description\":\"\",\"potentialAction\":[{\"@type\":\"SearchAction\",\"target\":\"http:\/\/cabanaspiedrablanca.cl\/web\/?s={search_term_string}\",\"query-input\":\"required name=search_term_string\"}],\"inLanguage\":\"es\"},{\"@type\":\"WebPage\",\"@id\":\"http:\/\/cabanaspiedrablanca.cl\/web\/?page_id=24#webpage\",\"url\":\"http:\/\/cabanaspiedrablanca.cl\/web\/?page_id=24\",\"name\":\"Servicios - Caba\\u00f1as Piedra Blanca\",\"isPartOf\":{\"@id\":\"http:\/\/cabanaspiedrablanca.cl\/web\/#website\"},\"datePublished\":\"2015-12-18T15:02:38+00:00\",\"dateModified\":\"2015-12-26T20:39:31+00:00\",\"inLanguage\":\"es\",\"potentialAction\":[{\"@type\":\"ReadAction\",\"target\":[\"http:\/\/cabanaspiedrablanca.cl\/web\/?page_id=24\"]}]}]}<\/script>\n<!-- \/ Yoast SEO plugin. -->","_links":{"self":[{"href":"http:\/\/cabanaspiedrablanca.cl\/web\/index.php?rest_route=\/wp\/v2\/pages\/24"}],"collection":[{"href":"http:\/\/cabanaspiedrablanca.cl\/web\/index.php?rest_route=\/wp\/v2\/pages"}],"about":[{"href":"http:\/\/cabanaspiedrablanca.cl\/web\/index.php?rest_route=\/wp\/v2\/types\/page"}],"author":[{"embeddable":true,"href":"http:\/\/cabanaspiedrablanca.cl\/web\/index.php?rest_route=\/wp\/v2\/users\/1"}],"replies":[{"embeddable":true,"href":"http:\/\/cabanaspiedrablanca.cl\/web\/index.php?rest_route=%2Fwp%2Fv2%2Fcomments&post=24"}],"version-history":[{"count":3,"href":"http:\/\/cabanaspiedrablanca.cl\/web\/index.php?rest_route=\/wp\/v2\/pages\/24\/revisions"}],"predecessor-version":[{"id":425,"href":"http:\/\/cabanaspiedrablanca.cl\/web\/index.php?rest_route=\/wp\/v2\/pages\/24\/revisions\/425"}],"wp:attachment":[{"href":"http:\/\/cabanaspiedrablanca.cl\/web\/index.php?rest_route=%2Fwp%2Fv2%2Fmedia&parent=24"}],"curies":[{"name":"wp","href":"https:\/\/api.w.org\/{rel}","templated":true}]}}